
{"id":14047,"date":"2021-09-14T07:29:01","date_gmt":"2021-09-14T05:29:01","guid":{"rendered":"https:\/\/www.mdp.team\/design-von-aluminium-spritzgussformen\/"},"modified":"2023-07-06T11:59:57","modified_gmt":"2023-07-06T09:59:57","slug":"design-von-aluminium-spritzgussformen","status":"publish","type":"page","link":"https:\/\/www.mdp.team\/de\/design-von-aluminium-spritzgussformen\/","title":{"rendered":"Design von Aluminium-Spritzgussformen"},"content":{"rendered":"\t\t<div data-elementor-type=\"wp-page\" data-elementor-id=\"14047\" class=\"elementor elementor-14047 elementor-10552\" data-elementor-settings=\"[]\">\n\t\t\t\t\t\t<div class=\"elementor-inner\">\n\t\t\t\t\t\t\t<div class=\"elementor-section-wrap\">\n\t\t\t\t\t\t\t<section class=\"has_ma_el_bg_slider has_eae_slider elementor-section elementor-top-section elementor-element elementor-element-53ad40f elementor-section-boxed elementor-section-height-default elementor-section-height-default\" data-id=\"53ad40f\" data-element_type=\"section\">\n\t\t\t\t\t\t<div class=\"elementor-container elementor-column-gap-default\">\n\t\t\t\t\t\t\t<div class=\"elementor-row\">\n\t\t\t\t\t<div class=\"has_ma_el_bg_slider has_eae_slider elementor-column elementor-col-100 elementor-top-column elementor-element elementor-element-1e2b4b3\" data-id=\"1e2b4b3\" data-element_type=\"column\" data-settings=\"{&quot;avante_ext_is_scrollme&quot;:&quot;false&quot;,&quot;avante_ext_is_smoove&quot;:&quot;false&quot;,&quot;avante_ext_is_parallax_mouse&quot;:&quot;false&quot;,&quot;avante_ext_is_infinite&quot;:&quot;false&quot;}\">\n\t\t\t<div class=\"elementor-column-wrap elementor-element-populated\">\n\t\t\t\t\t\t\t<div class=\"elementor-widget-wrap\">\n\t\t\t\t\t\t<div class=\"elementor-element elementor-element-f9d23c6 elementor-widget elementor-widget-text-editor\" data-id=\"f9d23c6\" data-element_type=\"widget\" data-settings=\"{&quot;avante_ext_is_scrollme&quot;:&quot;false&quot;,&quot;avante_ext_is_smoove&quot;:&quot;false&quot;,&quot;avante_ext_is_parallax_mouse&quot;:&quot;false&quot;,&quot;avante_ext_is_infinite&quot;:&quot;false&quot;}\" data-widget_type=\"text-editor.default\">\n\t\t\t\t<div class=\"elementor-widget-container\">\n\t\t\t\t\t\t\t\t<div class=\"elementor-text-editor elementor-clearfix\">\n\t\t\t\t\t<p>MDP &#8211; Moule Design Prototype f\u00fchrt den Entwurf von <strong>Aluminium-Spritzgussformen<\/strong> f\u00fcr Ihre kleinen und mittleren Serien durch. Unser im Jura ans\u00e4ssiges Unternehmen MDP ist auf die Entwicklung von <strong>Industrieformen aus Aluminium spezialisiert.<\/strong> Unsere Gruppe besitzt auch ein Unternehmen f\u00fcr <strong>Kunststoffspritzguss<\/strong>: Plastmold. So beherrschen wir die Konzeption Ihres <strong>Prototyps aus gutem Material<\/strong> von A bis Z.<\/p>\n\t\t\t\t\t<\/div>\n\t\t\t\t\t\t<\/div>\n\t\t\t\t<\/div>\n\t\t\t\t\t\t<\/div>\n\t\t\t\t\t<\/div>\n\t\t<\/div>\n\t\t\t\t\t\t\t\t<\/div>\n\t\t\t\t\t<\/div>\n\t\t<\/section>\n\t\t\t\t<section class=\"has_ma_el_bg_slider has_eae_slider elementor-section elementor-top-section elementor-element elementor-element-42ff5ea3 elementor-section-boxed elementor-section-height-default elementor-section-height-default\" data-id=\"42ff5ea3\" data-element_type=\"section\">\n\t\t\t\t\t\t<div class=\"elementor-container elementor-column-gap-default\">\n\t\t\t\t\t\t\t<div class=\"elementor-row\">\n\t\t\t\t\t<div class=\"has_ma_el_bg_slider has_eae_slider elementor-column elementor-col-50 elementor-top-column elementor-element elementor-element-5a7f6fef\" data-id=\"5a7f6fef\" data-element_type=\"column\" data-settings=\"{&quot;avante_ext_is_scrollme&quot;:&quot;false&quot;,&quot;avante_ext_is_smoove&quot;:&quot;false&quot;,&quot;avante_ext_is_parallax_mouse&quot;:&quot;false&quot;,&quot;avante_ext_is_infinite&quot;:&quot;false&quot;}\">\n\t\t\t<div class=\"elementor-column-wrap elementor-element-populated\">\n\t\t\t\t\t\t\t<div class=\"elementor-widget-wrap\">\n\t\t\t\t\t\t<div class=\"elementor-element elementor-element-d6dfd86 elementor-widget elementor-widget-image\" data-id=\"d6dfd86\" data-element_type=\"widget\" data-settings=\"{&quot;avante_ext_is_scrollme&quot;:&quot;false&quot;,&quot;avante_ext_is_smoove&quot;:&quot;false&quot;,&quot;avante_ext_is_parallax_mouse&quot;:&quot;false&quot;,&quot;avante_ext_is_infinite&quot;:&quot;false&quot;}\" data-widget_type=\"image.default\">\n\t\t\t\t<div class=\"elementor-widget-container\">\n\t\t\t\t\t\t\t\t<div class=\"elementor-image\">\n\t\t\t\t\t\t\t\t\t\t\t\t<img width=\"1024\" height=\"686\" src=\"https:\/\/www.mdp.team\/wp-content\/uploads\/2021\/12\/conception-moule-aluminium-1024x686.png\" class=\"attachment-large size-large\" alt=\"design aluminiumform\" loading=\"lazy\" srcset=\"https:\/\/www.mdp.team\/wp-content\/uploads\/2021\/12\/conception-moule-aluminium-1024x686.png 1024w, https:\/\/www.mdp.team\/wp-content\/uploads\/2021\/12\/conception-moule-aluminium-300x201.png 300w, https:\/\/www.mdp.team\/wp-content\/uploads\/2021\/12\/conception-moule-aluminium-768x515.png 768w, https:\/\/www.mdp.team\/wp-content\/uploads\/2021\/12\/conception-moule-aluminium-440x295.png 440w, https:\/\/www.mdp.team\/wp-content\/uploads\/2021\/12\/conception-moule-aluminium.png 1152w\" sizes=\"(max-width: 1024px) 100vw, 1024px\" \/>\t\t\t\t\t\t\t\t\t\t\t\t\t\t<\/div>\n\t\t\t\t\t\t<\/div>\n\t\t\t\t<\/div>\n\t\t\t\t<div class=\"elementor-element elementor-element-9fa8f79 elementor-widget elementor-widget-image\" data-id=\"9fa8f79\" data-element_type=\"widget\" data-settings=\"{&quot;avante_ext_is_scrollme&quot;:&quot;false&quot;,&quot;avante_ext_is_smoove&quot;:&quot;false&quot;,&quot;avante_ext_is_parallax_mouse&quot;:&quot;false&quot;,&quot;avante_ext_is_infinite&quot;:&quot;false&quot;}\" data-widget_type=\"image.default\">\n\t\t\t\t<div class=\"elementor-widget-container\">\n\t\t\t\t\t\t\t\t<div class=\"elementor-image\">\n\t\t\t\t\t\t\t\t\t\t\t\t<img width=\"1024\" height=\"689\" src=\"https:\/\/www.mdp.team\/wp-content\/uploads\/2021\/12\/moule-aluminium-injection-plastique-1024x689.png\" class=\"attachment-large size-large\" alt=\"design aluminiumspritzgussform\" loading=\"lazy\" srcset=\"https:\/\/www.mdp.team\/wp-content\/uploads\/2021\/12\/moule-aluminium-injection-plastique-1024x689.png 1024w, https:\/\/www.mdp.team\/wp-content\/uploads\/2021\/12\/moule-aluminium-injection-plastique-300x202.png 300w, https:\/\/www.mdp.team\/wp-content\/uploads\/2021\/12\/moule-aluminium-injection-plastique-768x517.png 768w, https:\/\/www.mdp.team\/wp-content\/uploads\/2021\/12\/moule-aluminium-injection-plastique-440x296.png 440w, https:\/\/www.mdp.team\/wp-content\/uploads\/2021\/12\/moule-aluminium-injection-plastique.png 1156w\" sizes=\"(max-width: 1024px) 100vw, 1024px\" \/>\t\t\t\t\t\t\t\t\t\t\t\t\t\t<\/div>\n\t\t\t\t\t\t<\/div>\n\t\t\t\t<\/div>\n\t\t\t\t\t\t<\/div>\n\t\t\t\t\t<\/div>\n\t\t<\/div>\n\t\t\t\t<div class=\"has_ma_el_bg_slider has_eae_slider elementor-column elementor-col-50 elementor-top-column elementor-element elementor-element-f9fcc32\" data-id=\"f9fcc32\" data-element_type=\"column\" data-settings=\"{&quot;avante_ext_is_scrollme&quot;:&quot;false&quot;,&quot;avante_ext_is_smoove&quot;:&quot;false&quot;,&quot;avante_ext_is_parallax_mouse&quot;:&quot;false&quot;,&quot;avante_ext_is_infinite&quot;:&quot;false&quot;}\">\n\t\t\t<div class=\"elementor-column-wrap elementor-element-populated\">\n\t\t\t\t\t\t\t<div class=\"elementor-widget-wrap\">\n\t\t\t\t\t\t<div class=\"elementor-element elementor-element-d8f982e elementor-widget elementor-widget-text-editor\" data-id=\"d8f982e\" data-element_type=\"widget\" data-settings=\"{&quot;avante_ext_is_scrollme&quot;:&quot;false&quot;,&quot;avante_ext_is_smoove&quot;:&quot;false&quot;,&quot;avante_ext_is_parallax_mouse&quot;:&quot;false&quot;,&quot;avante_ext_is_infinite&quot;:&quot;false&quot;}\" data-widget_type=\"text-editor.default\">\n\t\t\t\t<div class=\"elementor-widget-container\">\n\t\t\t\t\t\t\t\t<div class=\"elementor-text-editor elementor-clearfix\">\n\t\t\t\t\t<h2><strong>Aluminiumformen f\u00fcr den Kunststoffspritzguss: eine zuverl\u00e4ssige L\u00f6sung f\u00fcr Ihre Prototypen.<\/strong><\/h2>\n<p>Sie m\u00fcssen einen Prototypen herstellen, bevor Sie eine industrielle Gro\u00dfproduktion in Angriff nehmen? Die Entwicklung einer <strong>Aluminium-Spritzgussform<\/strong> ist DIE L\u00f6sung, die am schnellsten umgesetzt werden kann. MDP erstellt Ihre <strong>Aluminium-Spritzgussform<\/strong> in DAMPIERRE. Anschlie\u00dfend beauftragen wir Plasmold, eine Tochtergesellschaft der Gruppe, mit dem <strong>Kunststoffspritzguss.<\/strong><\/p>\n<p>Unsere Aluminium-Spritzgussformen sind produktiv genug, um in kleinen \/ mittleren Serien zu produzieren. Die Aluminiumform ist auch ideal, um einen Prototypen aus gutem Material in kurzer Zeit herzustellen.<\/p>\n<p>Unser Know-how wird von Jahr zu Jahr auch au\u00dferhalb Frankreichs exportiert. Die Qualit\u00e4t unserer Aluminiumformen ist in diesem eher kleinen Sektor des Kunststoffspritzgusses und der Herstellung von Prototypen aus gutem Material anerkannt.<\/p>\n\t\t\t\t\t<\/div>\n\t\t\t\t\t\t<\/div>\n\t\t\t\t<\/div>\n\t\t\t\t\t\t<\/div>\n\t\t\t\t\t<\/div>\n\t\t<\/div>\n\t\t\t\t\t\t\t\t<\/div>\n\t\t\t\t\t<\/div>\n\t\t<\/section>\n\t\t\t\t<section class=\"has_ma_el_bg_slider has_eae_slider elementor-section elementor-top-section elementor-element elementor-element-ca29630 elementor-section-boxed elementor-section-height-default elementor-section-height-default\" data-id=\"ca29630\" data-element_type=\"section\">\n\t\t\t\t\t\t<div class=\"elementor-container elementor-column-gap-default\">\n\t\t\t\t\t\t\t<div class=\"elementor-row\">\n\t\t\t\t\t<div class=\"has_ma_el_bg_slider has_eae_slider elementor-column elementor-col-100 elementor-top-column elementor-element elementor-element-036268f\" data-id=\"036268f\" data-element_type=\"column\" data-settings=\"{&quot;avante_ext_is_scrollme&quot;:&quot;false&quot;,&quot;avante_ext_is_smoove&quot;:&quot;false&quot;,&quot;avante_ext_is_parallax_mouse&quot;:&quot;false&quot;,&quot;avante_ext_is_infinite&quot;:&quot;false&quot;}\">\n\t\t\t<div class=\"elementor-column-wrap elementor-element-populated\">\n\t\t\t\t\t\t\t<div class=\"elementor-widget-wrap\">\n\t\t\t\t\t\t<div class=\"elementor-element elementor-element-5014bb3 elementor-widget elementor-widget-text-editor\" data-id=\"5014bb3\" data-element_type=\"widget\" data-settings=\"{&quot;avante_ext_is_scrollme&quot;:&quot;false&quot;,&quot;avante_ext_is_smoove&quot;:&quot;false&quot;,&quot;avante_ext_is_parallax_mouse&quot;:&quot;false&quot;,&quot;avante_ext_is_infinite&quot;:&quot;false&quot;}\" data-widget_type=\"text-editor.default\">\n\t\t\t\t<div class=\"elementor-widget-container\">\n\t\t\t\t\t\t\t\t<div class=\"elementor-text-editor elementor-clearfix\">\n\t\t\t\t\t<h3><strong>Von der Entwicklung industrieller Spritzgussformen bis zum Kunststoffspritzguss.<\/strong><\/h3>\n<p>Um Ihnen eine vollst\u00e4ndig integrierte L\u00f6sung anbieten zu k\u00f6nnen, haben wir beschlossen, eine in Frankreich und Europa bedeutende Gruppe zu gr\u00fcnden: MDP Team.<br \/>\nDurch die Kombination unseres Know-hows im Bereich der Konstruktion von <strong>Aluminiumformen<\/strong> und des<strong> Kunststoffspritzgusses<\/strong> k\u00f6nnen wir alle Ihre Probleme l\u00f6sen. Produkteinf\u00fchrungen, Testphasen, Prototypen, Kleinserien&#8230; Plastmold, unsere <strong>Kunststoffspritzgussfabrik<\/strong>, erm\u00f6glicht uns eine unvergleichliche Reaktionsf\u00e4higkeit bei der Umsetzung Ihres Industrieprojekts.<\/p>\n<h3><strong>Was versteht man unter einem Prototyp aus &#8220;gutem Material&#8221; ?<\/strong><\/h3>\n<p>MDP ist dank seiner Expertise in <strong>Aluminium- und Stahlformen<\/strong> der Spezialist f\u00fcr <strong>Prototypen aus gutem Material<\/strong>. Die MDP TEAM-Gruppe ist Ihr Entwicklungszentrum f\u00fcr die Industrialisierung Ihrer Kunststoff- und Metallkunststoffteile sowie f\u00fcr die Montage Ihrer Fertig- und Halbfertigprodukte. <strong>Der Prototyp aus gutem Material<\/strong> wird dank unserer technologischen Exzellenz aus einer <strong>Aluminiumform<\/strong> und in sehr kurzen Fristen hergestellt. <strong>Der Prototyp aus gutem Material<\/strong> ist ein Prototyp mit denselben Qualit\u00e4ten wie ein Spritzgussteil, aber mit kurzen Realisierungszeiten und geringeren Investitionen.<\/p>\n\t\t\t\t\t<\/div>\n\t\t\t\t\t\t<\/div>\n\t\t\t\t<\/div>\n\t\t\t\t\t\t<\/div>\n\t\t\t\t\t<\/div>\n\t\t<\/div>\n\t\t\t\t\t\t\t\t<\/div>\n\t\t\t\t\t<\/div>\n\t\t<\/section>\n\t\t\t\t<section class=\"has_ma_el_bg_slider has_eae_slider elementor-section elementor-top-section elementor-element elementor-element-4c3795a elementor-section-boxed elementor-section-height-default elementor-section-height-default\" data-id=\"4c3795a\" data-element_type=\"section\">\n\t\t\t\t\t\t<div class=\"elementor-container elementor-column-gap-default\">\n\t\t\t\t\t\t\t<div class=\"elementor-row\">\n\t\t\t\t\t<div class=\"has_ma_el_bg_slider has_eae_slider elementor-column elementor-col-100 elementor-top-column elementor-element elementor-element-8c43d67\" data-id=\"8c43d67\" data-element_type=\"column\" data-settings=\"{&quot;avante_ext_is_scrollme&quot;:&quot;false&quot;,&quot;avante_ext_is_smoove&quot;:&quot;false&quot;,&quot;avante_ext_is_parallax_mouse&quot;:&quot;false&quot;,&quot;avante_ext_is_infinite&quot;:&quot;false&quot;}\">\n\t\t\t<div class=\"elementor-column-wrap elementor-element-populated\">\n\t\t\t\t\t\t\t<div class=\"elementor-widget-wrap\">\n\t\t\t\t\t\t<div class=\"elementor-element elementor-element-7cac0c8 elementor-align-center elementor-widget elementor-widget-button\" data-id=\"7cac0c8\" data-element_type=\"widget\" data-settings=\"{&quot;avante_ext_is_scrollme&quot;:&quot;false&quot;,&quot;avante_ext_is_smoove&quot;:&quot;false&quot;,&quot;avante_ext_is_parallax_mouse&quot;:&quot;false&quot;,&quot;avante_ext_is_infinite&quot;:&quot;false&quot;}\" data-widget_type=\"button.default\">\n\t\t\t\t<div class=\"elementor-widget-container\">\n\t\t\t\t\t<div class=\"elementor-button-wrapper\">\n\t\t\t<a href=\"https:\/\/www.mdp.team\/de\/mdp-team-experte-fuer-die-entwicklung-von-prototypen-fuer-kleinserien\/\" class=\"elementor-button-link elementor-button elementor-size-lg\" role=\"button\">\n\t\t\t\t\t\t<span class=\"elementor-button-content-wrapper\">\n\t\t\t\t\t\t<span class=\"elementor-button-text\">Weitere Informationen \u00fcber MDP TEAM<\/span>\n\t\t<\/span>\n\t\t\t\t\t<\/a>\n\t\t<\/div>\n\t\t\t\t<\/div>\n\t\t\t\t<\/div>\n\t\t\t\t\t\t<\/div>\n\t\t\t\t\t<\/div>\n\t\t<\/div>\n\t\t\t\t\t\t\t\t<\/div>\n\t\t\t\t\t<\/div>\n\t\t<\/section>\n\t\t\t\t<section class=\"has_ma_el_bg_slider has_eae_slider elementor-section elementor-top-section elementor-element elementor-element-374e15b elementor-section-boxed elementor-section-height-default elementor-section-height-default\" data-id=\"374e15b\" data-element_type=\"section\">\n\t\t\t\t\t\t<div class=\"elementor-container elementor-column-gap-default\">\n\t\t\t\t\t\t\t<div class=\"elementor-row\">\n\t\t\t\t\t<div class=\"has_ma_el_bg_slider has_eae_slider elementor-column elementor-col-100 elementor-top-column elementor-element elementor-element-d8d4e7f\" data-id=\"d8d4e7f\" data-element_type=\"column\" data-settings=\"{&quot;avante_ext_is_scrollme&quot;:&quot;false&quot;,&quot;avante_ext_is_smoove&quot;:&quot;false&quot;,&quot;avante_ext_is_parallax_mouse&quot;:&quot;false&quot;,&quot;avante_ext_is_infinite&quot;:&quot;false&quot;}\">\n\t\t\t<div class=\"elementor-column-wrap elementor-element-populated\">\n\t\t\t\t\t\t\t<div class=\"elementor-widget-wrap\">\n\t\t\t\t\t\t<div class=\"elementor-element elementor-element-5b9aab5 elementor-aspect-ratio-169 elementor-widget elementor-widget-video\" data-id=\"5b9aab5\" data-element_type=\"widget\" data-settings=\"{&quot;youtube_url&quot;:&quot;https:\\\/\\\/www.youtube.com\\\/watch?v=2uatVBxfZSw&amp;t=4s&quot;,&quot;video_type&quot;:&quot;youtube&quot;,&quot;controls&quot;:&quot;yes&quot;,&quot;aspect_ratio&quot;:&quot;169&quot;,&quot;avante_ext_is_scrollme&quot;:&quot;false&quot;,&quot;avante_ext_is_smoove&quot;:&quot;false&quot;,&quot;avante_ext_is_parallax_mouse&quot;:&quot;false&quot;,&quot;avante_ext_is_infinite&quot;:&quot;false&quot;}\" data-widget_type=\"video.default\">\n\t\t\t\t<div class=\"elementor-widget-container\">\n\t\t\t\t\t<div class=\"elementor-wrapper elementor-fit-aspect-ratio elementor-open-inline\">\n\t\t\t<div class=\"elementor-video\"><\/div>\t\t<\/div>\n\t\t\t\t<\/div>\n\t\t\t\t<\/div>\n\t\t\t\t\t\t<\/div>\n\t\t\t\t\t<\/div>\n\t\t<\/div>\n\t\t\t\t\t\t\t\t<\/div>\n\t\t\t\t\t<\/div>\n\t\t<\/section>\n\t\t\t\t\t\t<\/div>\n\t\t\t\t\t\t<\/div>\n\t\t\t\t\t<\/div>\n\t\t","protected":false},"excerpt":{"rendered":"<p>MDP &#8211; Moule Design Prototype f\u00fchrt den Entwurf von Aluminium-Spritzgussformen f\u00fcr Ihre kleinen und mittleren Serien durch. Unser im Jura ans\u00e4ssiges Unternehmen MDP ist auf die Entwicklung von Industrieformen aus Aluminium spezialisiert. Unsere Gruppe besitzt auch ein Unternehmen f\u00fcr Kunststoffspritzguss: [&hellip;]<\/p>\n","protected":false},"author":9,"featured_media":0,"parent":0,"menu_order":0,"comment_status":"closed","ping_status":"closed","template":"","meta":[],"yoast_head":"<!-- This site is optimized with the Yoast SEO plugin v16.6.1 - https:\/\/yoast.com\/wordpress\/plugins\/seo\/ -->\n<title>Design von industriellen Aluminium-Spritzgussformen<\/title>\n<meta name=\"description\" content=\"Fragen Sie MDP nach dem Entwurf Ihrer Aluminium-Spritzgussform f\u00fcr Ihre Prototypen aus gutem Material in kleinen und mittleren Serien.\" \/>\n<meta name=\"robots\" content=\"index, follow, max-snippet:-1, max-image-preview:large, max-video-preview:-1\" \/>\n<link rel=\"canonical\" href=\"https:\/\/www.mdp.team\/de\/conception-de-moule-d-injection-aluminium\/\" \/>\n<meta property=\"og:locale\" content=\"de_DE\" \/>\n<meta property=\"og:type\" content=\"article\" \/>\n<meta property=\"og:title\" content=\"Design von industriellen Aluminium-Spritzgussformen\" \/>\n<meta property=\"og:description\" content=\"Fragen Sie MDP nach dem Entwurf Ihrer Aluminium-Spritzgussform f\u00fcr Ihre Prototypen aus gutem Material in kleinen und mittleren Serien.\" \/>\n<meta property=\"og:url\" content=\"https:\/\/www.mdp.team\/conception-de-moule-d-injection-aluminium\/\" \/>\n<meta property=\"og:site_name\" content=\"MDP Team\" \/>\n<meta property=\"article:modified_time\" content=\"2023-07-06T09:59:57+00:00\" \/>\n<meta property=\"og:image\" content=\"https:\/\/www.mdp.team\/wp-content\/uploads\/2021\/12\/conception-moule-aluminium-1024x686.png\" \/>\n<meta name=\"twitter:card\" content=\"summary_large_image\" \/>\n<meta name=\"twitter:label1\" content=\"Est. reading time\" \/>\n\t<meta name=\"twitter:data1\" content=\"2 Minuten\" \/>\n<script type=\"application\/ld+json\" class=\"yoast-schema-graph\">{\"@context\":\"https:\/\/schema.org\",\"@graph\":[{\"@type\":\"Organization\",\"@id\":\"https:\/\/www.mdp.team\/#organization\",\"name\":\"MDP TEAM\",\"url\":\"https:\/\/www.mdp.team\/\",\"sameAs\":[\"https:\/\/www.linkedin.com\/company\/mdp-team\/\"],\"logo\":{\"@type\":\"ImageObject\",\"@id\":\"https:\/\/www.mdp.team\/#logo\",\"inLanguage\":\"de-DE\",\"url\":\"https:\/\/www.mdp.team\/wp-content\/uploads\/2020\/10\/logo_MDP_Team.png\",\"contentUrl\":\"https:\/\/www.mdp.team\/wp-content\/uploads\/2020\/10\/logo_MDP_Team.png\",\"width\":898,\"height\":249,\"caption\":\"MDP TEAM\"},\"image\":{\"@id\":\"https:\/\/www.mdp.team\/#logo\"}},{\"@type\":\"WebSite\",\"@id\":\"https:\/\/www.mdp.team\/#website\",\"url\":\"https:\/\/www.mdp.team\/\",\"name\":\"MDP Team\",\"description\":\"Groupe MDP Team\",\"publisher\":{\"@id\":\"https:\/\/www.mdp.team\/#organization\"},\"potentialAction\":[{\"@type\":\"SearchAction\",\"target\":{\"@type\":\"EntryPoint\",\"urlTemplate\":\"https:\/\/www.mdp.team\/?s={search_term_string}\"},\"query-input\":\"required name=search_term_string\"}],\"inLanguage\":\"de-DE\"},{\"@type\":\"ImageObject\",\"@id\":\"https:\/\/www.mdp.team\/conception-de-moule-d-injection-aluminium\/#primaryimage\",\"inLanguage\":\"de-DE\",\"url\":\"https:\/\/www.mdp.team\/wp-content\/uploads\/2021\/12\/conception-moule-aluminium.png\",\"contentUrl\":\"https:\/\/www.mdp.team\/wp-content\/uploads\/2021\/12\/conception-moule-aluminium.png\",\"width\":1152,\"height\":772,\"caption\":\"conception moule aluminium\"},{\"@type\":\"WebPage\",\"@id\":\"https:\/\/www.mdp.team\/conception-de-moule-d-injection-aluminium\/#webpage\",\"url\":\"https:\/\/www.mdp.team\/conception-de-moule-d-injection-aluminium\/\",\"name\":\"Design von industriellen Aluminium-Spritzgussformen\",\"isPartOf\":{\"@id\":\"https:\/\/www.mdp.team\/#website\"},\"primaryImageOfPage\":{\"@id\":\"https:\/\/www.mdp.team\/conception-de-moule-d-injection-aluminium\/#primaryimage\"},\"datePublished\":\"2021-09-14T05:29:01+00:00\",\"dateModified\":\"2023-07-06T09:59:57+00:00\",\"description\":\"Fragen Sie MDP nach dem Entwurf Ihrer Aluminium-Spritzgussform f\\u00fcr Ihre Prototypen aus gutem Material in kleinen und mittleren Serien.\",\"breadcrumb\":{\"@id\":\"https:\/\/www.mdp.team\/conception-de-moule-d-injection-aluminium\/#breadcrumb\"},\"inLanguage\":\"de-DE\",\"potentialAction\":[{\"@type\":\"ReadAction\",\"target\":[\"https:\/\/www.mdp.team\/conception-de-moule-d-injection-aluminium\/\"]}]},{\"@type\":\"BreadcrumbList\",\"@id\":\"https:\/\/www.mdp.team\/conception-de-moule-d-injection-aluminium\/#breadcrumb\",\"itemListElement\":[{\"@type\":\"ListItem\",\"position\":1,\"name\":\"Accueil\",\"item\":\"https:\/\/www.mdp.team\/de\/\"},{\"@type\":\"ListItem\",\"position\":2,\"name\":\"Design von Aluminium-Spritzgussformen\"}]}]}<\/script>\n<!-- \/ Yoast SEO plugin. -->","_links":{"self":[{"href":"https:\/\/www.mdp.team\/de\/wp-json\/wp\/v2\/pages\/14047"}],"collection":[{"href":"https:\/\/www.mdp.team\/de\/wp-json\/wp\/v2\/pages"}],"about":[{"href":"https:\/\/www.mdp.team\/de\/wp-json\/wp\/v2\/types\/page"}],"author":[{"embeddable":true,"href":"https:\/\/www.mdp.team\/de\/wp-json\/wp\/v2\/users\/9"}],"replies":[{"embeddable":true,"href":"https:\/\/www.mdp.team\/de\/wp-json\/wp\/v2\/comments?post=14047"}],"version-history":[{"count":7,"href":"https:\/\/www.mdp.team\/de\/wp-json\/wp\/v2\/pages\/14047\/revisions"}],"predecessor-version":[{"id":14828,"href":"https:\/\/www.mdp.team\/de\/wp-json\/wp\/v2\/pages\/14047\/revisions\/14828"}],"wp:attachment":[{"href":"https:\/\/www.mdp.team\/de\/wp-json\/wp\/v2\/media?parent=14047"}],"curies":[{"name":"wp","href":"https:\/\/api.w.org\/{rel}","templated":true}]}}