
{"id":8839,"date":"2020-10-23T15:05:56","date_gmt":"2020-10-23T13:05:56","guid":{"rendered":"https:\/\/www.mdp.team\/aktivitaet-luxus\/"},"modified":"2023-06-27T09:23:55","modified_gmt":"2023-06-27T07:23:55","slug":"aktivitaet-luxus","status":"publish","type":"page","link":"https:\/\/www.mdp.team\/de\/aktivitaet-luxus\/","title":{"rendered":"Aktivit\u00e4t &#8211; Luxus"},"content":{"rendered":"\t\t<div data-elementor-type=\"wp-page\" data-elementor-id=\"8839\" class=\"elementor elementor-8839 elementor-8047\" data-elementor-settings=\"[]\">\n\t\t\t\t\t\t<div class=\"elementor-inner\">\n\t\t\t\t\t\t\t<div class=\"elementor-section-wrap\">\n\t\t\t\t\t\t\t<section class=\"has_ma_el_bg_slider has_eae_slider elementor-section elementor-top-section elementor-element elementor-element-fb7667e elementor-section-stretched elementor-section-full_width elementor-section-height-default elementor-section-height-default\" data-id=\"fb7667e\" data-element_type=\"section\" data-settings=\"{&quot;stretch_section&quot;:&quot;section-stretched&quot;,&quot;shape_divider_bottom&quot;:&quot;curve&quot;,&quot;shape_divider_bottom_negative&quot;:&quot;yes&quot;}\">\n\t\t\t\t\t<div class=\"elementor-shape elementor-shape-bottom\" data-negative=\"true\">\n\t\t\t<svg xmlns=\"http:\/\/www.w3.org\/2000\/svg\" viewBox=\"0 0 1000 100\" preserveAspectRatio=\"none\">\n\t<path class=\"elementor-shape-fill\" d=\"M500,97C126.7,96.3,0.8,19.8,0,0v100l1000,0V1C1000,19.4,873.3,97.8,500,97z\"\/>\n<\/svg>\t\t<\/div>\n\t\t\t\t\t<div class=\"elementor-container elementor-column-gap-default\">\n\t\t\t\t\t\t\t<div class=\"elementor-row\">\n\t\t\t\t\t<div class=\"has_ma_el_bg_slider has_eae_slider elementor-column elementor-col-100 elementor-top-column elementor-element elementor-element-badcbdc\" data-id=\"badcbdc\" data-element_type=\"column\" data-settings=\"{&quot;avante_ext_is_scrollme&quot;:&quot;false&quot;,&quot;avante_ext_is_smoove&quot;:&quot;false&quot;,&quot;avante_ext_is_parallax_mouse&quot;:&quot;false&quot;,&quot;avante_ext_is_infinite&quot;:&quot;false&quot;}\">\n\t\t\t<div class=\"elementor-column-wrap elementor-element-populated\">\n\t\t\t\t\t\t\t<div class=\"elementor-widget-wrap\">\n\t\t\t\t\t\t<div class=\"elementor-element elementor-element-7bef6e7 elementor-widget elementor-widget-avante-slider-parallax\" data-id=\"7bef6e7\" data-element_type=\"widget\" data-settings=\"{&quot;avante_ext_is_scrollme&quot;:&quot;false&quot;,&quot;avante_ext_is_smoove&quot;:&quot;false&quot;,&quot;avante_ext_is_parallax_mouse&quot;:&quot;false&quot;,&quot;avante_ext_is_infinite&quot;:&quot;false&quot;}\" data-widget_type=\"avante-slider-parallax.default\">\n\t\t\t\t<div class=\"elementor-widget-container\">\n\t\t\t<div class=\"slider-parallax-wrapper\" data-autoplay=\"8000\" data-pagination=\"0\" data-navigation=\"0\">\n\t<div class=\"slider_parallax_inner\">\n\t\t<div class=\"slider_parallax_slides\">\n\t\t\t\t\t\t<div class=\"slide is-active \">\n\t\t          \t<div class=\"slide-content align-center\">\n\t\t\t          \t<div class=\"standard-wrapper\">\n\t\t\t            \t<div class=\"caption\">\n\t\t\t\t\t\t\t\t<div class=\"title\"><h2>Luxus<\/h2><\/div>\n\t\t\t\t\t\t\t\t<div class=\"text\">\n\t\t\t                \t\tAktivit\u00e4t\t\t\t              \t\t<\/div> \n\t\t\t\t                \t\t\t            \t<\/div>\n\t\t\t          \t<\/div>\n\t\t          \t<\/div>\n\t\t\t\t  \t<div class=\"image-container\"> \n\t\t            \t<img src=\"https:\/\/www.mdp.team\/wp-content\/uploads\/2020\/10\/AdobeStock_253284089.jpeg\" alt=\"\" class=\"image\" \/>\n\t\t          \t<\/div>\n\t\t        <\/div>\n\t\t\t\t<\/div>\n\t\t\t    \t<\/div>\n<\/div>\n\t\t<\/div>\n\t\t\t\t<\/div>\n\t\t\t\t\t\t<\/div>\n\t\t\t\t\t<\/div>\n\t\t<\/div>\n\t\t\t\t\t\t\t\t<\/div>\n\t\t\t\t\t<\/div>\n\t\t<\/section>\n\t\t\t\t<section class=\"has_ma_el_bg_slider has_eae_slider elementor-section elementor-top-section elementor-element elementor-element-daba171 elementor-section-stretched elementor-section-boxed elementor-section-height-default elementor-section-height-default\" data-id=\"daba171\" data-element_type=\"section\" data-settings=\"{&quot;stretch_section&quot;:&quot;section-stretched&quot;,&quot;background_background&quot;:&quot;classic&quot;}\">\n\t\t\t\t\t\t<div class=\"elementor-container elementor-column-gap-default\">\n\t\t\t\t\t\t\t<div class=\"elementor-row\">\n\t\t\t\t\t<div class=\"has_ma_el_bg_slider has_eae_slider elementor-column elementor-col-100 elementor-top-column elementor-element elementor-element-020c878\" data-id=\"020c878\" data-element_type=\"column\" data-settings=\"{&quot;avante_ext_is_scrollme&quot;:&quot;false&quot;,&quot;avante_ext_is_smoove&quot;:&quot;false&quot;,&quot;avante_ext_is_parallax_mouse&quot;:&quot;false&quot;,&quot;avante_ext_is_infinite&quot;:&quot;false&quot;}\">\n\t\t\t<div class=\"elementor-column-wrap elementor-element-populated\">\n\t\t\t\t\t\t\t<div class=\"elementor-widget-wrap\">\n\t\t\t\t\t\t<div class=\"elementor-element elementor-element-8e2634a elementor-widget elementor-widget-text-editor\" data-id=\"8e2634a\" data-element_type=\"widget\" data-settings=\"{&quot;avante_ext_is_scrollme&quot;:&quot;false&quot;,&quot;avante_ext_is_smoove&quot;:&quot;false&quot;,&quot;avante_ext_is_parallax_mouse&quot;:&quot;false&quot;,&quot;avante_ext_is_infinite&quot;:&quot;false&quot;}\" data-widget_type=\"text-editor.default\">\n\t\t\t\t<div class=\"elementor-widget-container\">\n\t\t\t\t\t\t\t\t<div class=\"elementor-text-editor elementor-clearfix\">\n\t\t\t\t\t<p>Ein Markt, der seit vielen Jahren in der Gruppe pr\u00e4sent ist. MDP TEAM erf\u00fcllt die besonderen Erwartungen dieses Sektors mit all seiner technischen und kreativen St\u00e4rke.<\/p>\n<p>Als historischer Hersteller von Prototypen aus &#8220;Original Material&#8221; und immer im Vorentwurf mit seinen Kunden, ist MDP TEAM zu strengster Vertraulichkeit verpflichtet.<\/p>\n\t\t\t\t\t<\/div>\n\t\t\t\t\t\t<\/div>\n\t\t\t\t<\/div>\n\t\t\t\t\t\t<\/div>\n\t\t\t\t\t<\/div>\n\t\t<\/div>\n\t\t\t\t\t\t\t\t<\/div>\n\t\t\t\t\t<\/div>\n\t\t<\/section>\n\t\t\t\t\t\t<\/div>\n\t\t\t\t\t\t<\/div>\n\t\t\t\t\t<\/div>\n\t\t","protected":false},"excerpt":{"rendered":"<p>Luxus Aktivit\u00e4t Ein Markt, der seit vielen Jahren in der Gruppe pr\u00e4sent ist. MDP TEAM erf\u00fcllt die besonderen Erwartungen dieses Sektors mit all seiner technischen und kreativen St\u00e4rke. Als historischer Hersteller von Prototypen aus &#8220;Original Material&#8221; und immer im Vorentwurf [&hellip;]<\/p>\n","protected":false},"author":4,"featured_media":0,"parent":0,"menu_order":0,"comment_status":"closed","ping_status":"closed","template":"","meta":[],"yoast_head":"<!-- This site is optimized with the Yoast SEO plugin v16.6.1 - https:\/\/yoast.com\/wordpress\/plugins\/seo\/ -->\n<title>Der Luxusmarkt - MDP Team - Kunststoffprototypen f\u00fcr Luxusg\u00fcter<\/title>\n<meta name=\"description\" content=\"Aktivit\u00e4t - Luxus : F\u00fcr den Luxusmarkt: MPD TEAM ist Ihr Spezialist f\u00fcr die Erstellung Ihrer industriellen Formen aus gutem Material.\" \/>\n<meta name=\"robots\" content=\"index, follow, max-snippet:-1, max-image-preview:large, max-video-preview:-1\" \/>\n<link rel=\"canonical\" href=\"https:\/\/www.mdp.team\/de\/aktivitaet-luxus\/\" \/>\n<meta property=\"og:locale\" content=\"de_DE\" \/>\n<meta property=\"og:type\" content=\"article\" \/>\n<meta property=\"og:title\" content=\"Der Luxusmarkt - MDP Team - Kunststoffprototypen f\u00fcr Luxusg\u00fcter\" \/>\n<meta property=\"og:description\" content=\"Aktivit\u00e4t - Luxus : F\u00fcr den Luxusmarkt: MPD TEAM ist Ihr Spezialist f\u00fcr die Erstellung Ihrer industriellen Formen aus gutem Material.\" \/>\n<meta property=\"og:url\" content=\"https:\/\/www.mdp.team\/de\/aktivitaet-luxus\/\" \/>\n<meta property=\"og:site_name\" content=\"MDP Team\" \/>\n<meta property=\"article:modified_time\" content=\"2023-06-27T07:23:55+00:00\" \/>\n<meta property=\"og:image\" content=\"https:\/\/www.mdp.team\/wp-content\/uploads\/2020\/10\/AdobeStock_253284089.jpeg\" \/>\n<meta name=\"twitter:card\" content=\"summary_large_image\" \/>\n<script type=\"application\/ld+json\" class=\"yoast-schema-graph\">{\"@context\":\"https:\/\/schema.org\",\"@graph\":[{\"@type\":\"Organization\",\"@id\":\"https:\/\/www.mdp.team\/#organization\",\"name\":\"MDP TEAM\",\"url\":\"https:\/\/www.mdp.team\/\",\"sameAs\":[\"https:\/\/www.linkedin.com\/company\/mdp-team\/\"],\"logo\":{\"@type\":\"ImageObject\",\"@id\":\"https:\/\/www.mdp.team\/#logo\",\"inLanguage\":\"de-DE\",\"url\":\"https:\/\/www.mdp.team\/wp-content\/uploads\/2020\/10\/logo_MDP_Team.png\",\"contentUrl\":\"https:\/\/www.mdp.team\/wp-content\/uploads\/2020\/10\/logo_MDP_Team.png\",\"width\":898,\"height\":249,\"caption\":\"MDP TEAM\"},\"image\":{\"@id\":\"https:\/\/www.mdp.team\/#logo\"}},{\"@type\":\"WebSite\",\"@id\":\"https:\/\/www.mdp.team\/#website\",\"url\":\"https:\/\/www.mdp.team\/\",\"name\":\"MDP Team\",\"description\":\"Groupe MDP Team\",\"publisher\":{\"@id\":\"https:\/\/www.mdp.team\/#organization\"},\"potentialAction\":[{\"@type\":\"SearchAction\",\"target\":{\"@type\":\"EntryPoint\",\"urlTemplate\":\"https:\/\/www.mdp.team\/?s={search_term_string}\"},\"query-input\":\"required name=search_term_string\"}],\"inLanguage\":\"de-DE\"},{\"@type\":\"ImageObject\",\"@id\":\"https:\/\/www.mdp.team\/de\/aktivitaet-luxus\/#primaryimage\",\"inLanguage\":\"de-DE\",\"url\":\"https:\/\/www.mdp.team\/wp-content\/uploads\/2020\/10\/AdobeStock_253284089.jpeg\",\"contentUrl\":\"https:\/\/www.mdp.team\/wp-content\/uploads\/2020\/10\/AdobeStock_253284089.jpeg\",\"width\":1365,\"height\":768,\"caption\":\"Le march\\u00e9 du luxe\"},{\"@type\":\"WebPage\",\"@id\":\"https:\/\/www.mdp.team\/de\/aktivitaet-luxus\/#webpage\",\"url\":\"https:\/\/www.mdp.team\/de\/aktivitaet-luxus\/\",\"name\":\"Der Luxusmarkt - MDP Team - Kunststoffprototypen f\\u00fcr Luxusg\\u00fcter\",\"isPartOf\":{\"@id\":\"https:\/\/www.mdp.team\/#website\"},\"primaryImageOfPage\":{\"@id\":\"https:\/\/www.mdp.team\/de\/aktivitaet-luxus\/#primaryimage\"},\"datePublished\":\"2020-10-23T13:05:56+00:00\",\"dateModified\":\"2023-06-27T07:23:55+00:00\",\"description\":\"Aktivit\\u00e4t - Luxus : F\\u00fcr den Luxusmarkt: MPD TEAM ist Ihr Spezialist f\\u00fcr die Erstellung Ihrer industriellen Formen aus gutem Material.\",\"breadcrumb\":{\"@id\":\"https:\/\/www.mdp.team\/de\/aktivitaet-luxus\/#breadcrumb\"},\"inLanguage\":\"de-DE\",\"potentialAction\":[{\"@type\":\"ReadAction\",\"target\":[\"https:\/\/www.mdp.team\/de\/aktivitaet-luxus\/\"]}]},{\"@type\":\"BreadcrumbList\",\"@id\":\"https:\/\/www.mdp.team\/de\/aktivitaet-luxus\/#breadcrumb\",\"itemListElement\":[{\"@type\":\"ListItem\",\"position\":1,\"name\":\"Accueil\",\"item\":\"https:\/\/www.mdp.team\/de\/\"},{\"@type\":\"ListItem\",\"position\":2,\"name\":\"Aktivit\\u00e4t &#8211; Luxus\"}]}]}<\/script>\n<!-- \/ Yoast SEO plugin. -->","_links":{"self":[{"href":"https:\/\/www.mdp.team\/de\/wp-json\/wp\/v2\/pages\/8839"}],"collection":[{"href":"https:\/\/www.mdp.team\/de\/wp-json\/wp\/v2\/pages"}],"about":[{"href":"https:\/\/www.mdp.team\/de\/wp-json\/wp\/v2\/types\/page"}],"author":[{"embeddable":true,"href":"https:\/\/www.mdp.team\/de\/wp-json\/wp\/v2\/users\/4"}],"replies":[{"embeddable":true,"href":"https:\/\/www.mdp.team\/de\/wp-json\/wp\/v2\/comments?post=8839"}],"version-history":[{"count":5,"href":"https:\/\/www.mdp.team\/de\/wp-json\/wp\/v2\/pages\/8839\/revisions"}],"predecessor-version":[{"id":9693,"href":"https:\/\/www.mdp.team\/de\/wp-json\/wp\/v2\/pages\/8839\/revisions\/9693"}],"wp:attachment":[{"href":"https:\/\/www.mdp.team\/de\/wp-json\/wp\/v2\/media?parent=8839"}],"curies":[{"name":"wp","href":"https:\/\/api.w.org\/{rel}","templated":true}]}}