
{"id":13989,"date":"2022-02-28T22:02:18","date_gmt":"2022-02-28T21:02:18","guid":{"rendered":"https:\/\/www.mdp.team\/job-offers\/"},"modified":"2023-05-03T09:58:28","modified_gmt":"2023-05-03T07:58:28","slug":"job-offers","status":"publish","type":"page","link":"https:\/\/www.mdp.team\/en\/job-offers\/","title":{"rendered":"Job offers"},"content":{"rendered":"<span class=\"rt-reading-time\" style=\"display: block;\"><span class=\"rt-label rt-prefix\">Temps de lecture : <\/span> <span class=\"rt-time\">&lt; 1<\/span> <span class=\"rt-label rt-postfix\">minute \/<\/span><\/span>\t\t<div data-elementor-type=\"wp-page\" data-elementor-id=\"13989\" class=\"elementor elementor-13989 elementor-11466\" data-elementor-settings=\"[]\">\n\t\t\t\t\t\t<div class=\"elementor-inner\">\n\t\t\t\t\t\t\t<div class=\"elementor-section-wrap\">\n\t\t\t\t\t\t\t<section class=\"has_ma_el_bg_slider has_eae_slider elementor-section elementor-top-section elementor-element elementor-element-c667d26 elementor-section-boxed elementor-section-height-default elementor-section-height-default\" data-id=\"c667d26\" data-element_type=\"section\">\n\t\t\t\t\t\t<div class=\"elementor-container elementor-column-gap-custom\">\n\t\t\t\t\t\t\t<div class=\"elementor-row\">\n\t\t\t\t\t<div class=\"has_ma_el_bg_slider has_eae_slider elementor-column elementor-col-33 elementor-top-column elementor-element elementor-element-a7fd054\" data-id=\"a7fd054\" data-element_type=\"column\" data-settings=\"{&quot;background_background&quot;:&quot;classic&quot;,&quot;avante_ext_is_scrollme&quot;:&quot;false&quot;,&quot;avante_ext_is_smoove&quot;:&quot;false&quot;,&quot;avante_ext_is_parallax_mouse&quot;:&quot;false&quot;,&quot;avante_ext_is_infinite&quot;:&quot;false&quot;}\">\n\t\t\t<div class=\"elementor-column-wrap elementor-element-populated\">\n\t\t\t\t\t\t\t<div class=\"elementor-widget-wrap\">\n\t\t\t\t\t\t<div class=\"elementor-element elementor-element-b4155bc elementor-widget elementor-widget-heading\" data-id=\"b4155bc\" data-element_type=\"widget\" data-settings=\"{&quot;avante_ext_is_scrollme&quot;:&quot;false&quot;,&quot;avante_ext_is_smoove&quot;:&quot;false&quot;,&quot;avante_ext_is_parallax_mouse&quot;:&quot;false&quot;,&quot;avante_ext_is_infinite&quot;:&quot;false&quot;}\" data-widget_type=\"heading.default\">\n\t\t\t\t<div class=\"elementor-widget-container\">\n\t\t\t<h3 class=\"elementor-heading-title elementor-size-default\">Spontaneous application<\/h3>\t\t<\/div>\n\t\t\t\t<\/div>\n\t\t\t\t<div class=\"elementor-element elementor-element-ba76281 eae-icon-view-default elementor-widget elementor-widget-wts-textseparator\" data-id=\"ba76281\" data-element_type=\"widget\" data-settings=\"{&quot;avante_ext_is_scrollme&quot;:&quot;false&quot;,&quot;avante_ext_is_smoove&quot;:&quot;false&quot;,&quot;avante_ext_is_parallax_mouse&quot;:&quot;false&quot;,&quot;avante_ext_is_infinite&quot;:&quot;false&quot;}\" data-widget_type=\"wts-textseparator.default\">\n\t\t\t\t<div class=\"elementor-widget-container\">\n\t\t\t\t\t<div class=\"wts-eae-textseparator sep-align-center icon-yes icon-before title-yes\" >\n\t\t\t<div class=\"eae-sep-holder sep-left\">\n\t\t\t\t<div class=\"eae-sep-lines\"><\/div>\n\t\t\t<\/div>\n\n\t\t\t\t\t\t\t<div class=\"eae-separator-icon-wrapper\">\n\t\t\t\t\t<div class=\"eae-separator-icon-inner\">\n\t\t\t\t\t\t<i aria-hidden=\"true\" class=\"far fa-file-word\"><\/i>\t\t\t\t\t<\/div>\n\t\t\t\t<\/div>\n\t\t\t\n\t\t\t<span class=\"eae-separator-title\">Submit your file<\/span>\n\t\t\t\n\t\t\t<div class=\"eae-sep-holder sep-right\">\n\t\t\t\t<div class=\"eae-sep-lines\"><\/div>\n\t\t\t<\/div>\n\t\t<\/div>\n\t\t\t\t<\/div>\n\t\t\t\t<\/div>\n\t\t\t\t<div class=\"elementor-element elementor-element-17093bd elementor-widget elementor-widget-text-editor\" data-id=\"17093bd\" data-element_type=\"widget\" data-settings=\"{&quot;avante_ext_is_scrollme&quot;:&quot;false&quot;,&quot;avante_ext_is_smoove&quot;:&quot;false&quot;,&quot;avante_ext_is_parallax_mouse&quot;:&quot;false&quot;,&quot;avante_ext_is_infinite&quot;:&quot;false&quot;}\" data-widget_type=\"text-editor.default\">\n\t\t\t\t<div class=\"elementor-widget-container\">\n\t\t\t\t\t\t\t\t<div class=\"elementor-text-editor elementor-clearfix\">\n\t\t\t\t\t<p>Fill out the application form, our team will study your profile quickly !<\/p>\n\t\t\t\t\t<\/div>\n\t\t\t\t\t\t<\/div>\n\t\t\t\t<\/div>\n\t\t\t\t<div class=\"elementor-element elementor-element-6eb7938 elementor-align-center elementor-widget elementor-widget-button\" data-id=\"6eb7938\" data-element_type=\"widget\" data-settings=\"{&quot;avante_ext_is_scrollme&quot;:&quot;false&quot;,&quot;avante_ext_is_smoove&quot;:&quot;false&quot;,&quot;avante_ext_is_parallax_mouse&quot;:&quot;false&quot;,&quot;avante_ext_is_infinite&quot;:&quot;false&quot;}\" data-widget_type=\"button.default\">\n\t\t\t\t<div class=\"elementor-widget-container\">\n\t\t\t\t\t<div class=\"elementor-button-wrapper\">\n\t\t\t<a href=\"https:\/\/www.mdp.team\/en\/apply-to-mdp-team\/\" class=\"elementor-button-link elementor-button elementor-size-sm\" role=\"button\">\n\t\t\t\t\t\t<span class=\"elementor-button-content-wrapper\">\n\t\t\t\t\t\t<span class=\"elementor-button-icon elementor-align-icon-left\">\n\t\t\t\t<i aria-hidden=\"true\" class=\"far fa-envelope\"><\/i>\t\t\t<\/span>\n\t\t\t\t\t\t<span class=\"elementor-button-text\">Apply at<\/span>\n\t\t<\/span>\n\t\t\t\t\t<\/a>\n\t\t<\/div>\n\t\t\t\t<\/div>\n\t\t\t\t<\/div>\n\t\t\t\t\t\t<\/div>\n\t\t\t\t\t<\/div>\n\t\t<\/div>\n\t\t\t\t<div class=\"has_ma_el_bg_slider has_eae_slider elementor-column elementor-col-66 elementor-top-column elementor-element elementor-element-b34ef79\" data-id=\"b34ef79\" data-element_type=\"column\" data-settings=\"{&quot;avante_ext_is_scrollme&quot;:&quot;false&quot;,&quot;avante_ext_is_smoove&quot;:&quot;false&quot;,&quot;avante_ext_is_parallax_mouse&quot;:&quot;false&quot;,&quot;avante_ext_is_infinite&quot;:&quot;false&quot;}\">\n\t\t\t<div class=\"elementor-column-wrap elementor-element-populated\">\n\t\t\t\t\t\t\t<div class=\"elementor-widget-wrap\">\n\t\t\t\t\t\t<div class=\"elementor-element elementor-element-4d545bd elementor-widget elementor-widget-heading\" data-id=\"4d545bd\" data-element_type=\"widget\" data-settings=\"{&quot;avante_ext_is_scrollme&quot;:&quot;false&quot;,&quot;avante_ext_is_smoove&quot;:&quot;false&quot;,&quot;avante_ext_is_parallax_mouse&quot;:&quot;false&quot;,&quot;avante_ext_is_infinite&quot;:&quot;false&quot;}\" data-widget_type=\"heading.default\">\n\t\t\t\t<div class=\"elementor-widget-container\">\n\t\t\t<h2 class=\"elementor-heading-title elementor-size-default\">Our latest offers<\/h2>\t\t<\/div>\n\t\t\t\t<\/div>\n\t\t\t\t<div class=\"elementor-element elementor-element-daff7df elementor-grid-eael-col-1 elementor-grid-tablet-eael-col-2 elementor-grid-mobile-eael-col-1 elementor-widget elementor-widget-eael-post-grid\" data-id=\"daff7df\" data-element_type=\"widget\" data-settings=\"{&quot;eael_post_grid_columns&quot;:&quot;eael-col-1&quot;,&quot;eael_post_grid_columns_tablet&quot;:&quot;eael-col-2&quot;,&quot;eael_post_grid_columns_mobile&quot;:&quot;eael-col-1&quot;,&quot;avante_ext_is_scrollme&quot;:&quot;false&quot;,&quot;avante_ext_is_smoove&quot;:&quot;false&quot;,&quot;avante_ext_is_parallax_mouse&quot;:&quot;false&quot;,&quot;avante_ext_is_infinite&quot;:&quot;false&quot;}\" data-widget_type=\"eael-post-grid.default\">\n\t\t\t\t<div class=\"elementor-widget-container\">\n\t\t\t<div id=\"eael-post-grid-daff7df\" class=\"eael-post-grid-container\">\n            <div class=\"eael-post-grid eael-post-appender eael-post-appender-daff7df eael-post-grid-style-three\" data-layout-mode=\"grid\"><article class=\"eael-grid-post eael-post-grid-column\" data-id=\"14815\">\n        <div class=\"eael-grid-post-holder\">\n            <div class=\"eael-grid-post-holder-inner\"><div class=\"eael-entry-wrapper\"><header class=\"eael-entry-header\"><h4 class=\"eael-entry-title\"><a\n                        class=\"eael-grid-post-link\"\n                        href=\"https:\/\/www.mdp.team\/en\/setter-tuner-m-f\/\"\n                        title=\"Setter \/ Tuner (M\/F)\"\n                        \n                        \n                        >Setter \/ Tuner (M\/F)<\/a><\/h4><\/header><div class=\"eael-entry-meta\"><span class=\"eael-posted-on\"><time datetime=\"10 June 2023\">10 June 2023<\/time><\/span><\/div><div class=\"eael-entry-content\">\n                        <div class=\"eael-grid-post-excerpt\"><p>Temps de lecture : &lt; 1 minute \/ In order to strengthen our teams and support our projects, we are...<\/p><a\n                            href=\"https:\/\/www.mdp.team\/en\/setter-tuner-m-f\/\"\n                            class=\"eael-post-elements-readmore-btn\"\n                            \n                            \n                            >&gt; View this offer<\/a><\/div>\n                    <\/div><\/div><\/div>\n        <\/div>\n    <\/article><\/div>\n            <div class=\"clearfix\"><\/div>\n        <\/div>\t\t<\/div>\n\t\t\t\t<\/div>\n\t\t\t\t\t\t<\/div>\n\t\t\t\t\t<\/div>\n\t\t<\/div>\n\t\t\t\t\t\t\t\t<\/div>\n\t\t\t\t\t<\/div>\n\t\t<\/section>\n\t\t\t\t\t\t<\/div>\n\t\t\t\t\t\t<\/div>\n\t\t\t\t\t<\/div>\n\t\t","protected":false},"excerpt":{"rendered":"<p><span class=\"rt-reading-time\" style=\"display: block;\"><span class=\"rt-label rt-prefix\">Temps de lecture : <\/span> <span class=\"rt-time\">&lt; 1<\/span> <span class=\"rt-label rt-postfix\">minute \/<\/span><\/span> Spontaneous application Submit your file Fill out the application form, our team will study your profile quickly ! Apply at Our latest offers R\u00e9gleur \/ Metteur au point (H\/F) 10 juin 2022 &nbsp;Afin de renforcer nos \u00e9quipes et d&#8217;accompagner nos [&hellip;]<\/p>\n","protected":false},"author":9,"featured_media":0,"parent":0,"menu_order":0,"comment_status":"closed","ping_status":"closed","template":"","meta":[],"yoast_head":"<!-- This site is optimized with the Yoast SEO plugin v16.6.1 - https:\/\/yoast.com\/wordpress\/plugins\/seo\/ -->\n<title>Job offers - MDP Team<\/title>\n<meta name=\"description\" content=\"Job offers : Votre sp\u00e9cialiste pour la cr\u00e9ation de vos moules industriels bonne mati\u00e8re. Des moules en aluminium pour vos injections plastiques.\" \/>\n<meta name=\"robots\" content=\"index, follow, max-snippet:-1, max-image-preview:large, max-video-preview:-1\" \/>\n<link rel=\"canonical\" href=\"https:\/\/www.mdp.team\/en\/job-offers\/\" \/>\n<meta property=\"og:locale\" content=\"en_US\" \/>\n<meta property=\"og:type\" content=\"article\" \/>\n<meta property=\"og:title\" content=\"Job offers - MDP Team\" \/>\n<meta property=\"og:description\" content=\"Job offers : Votre sp\u00e9cialiste pour la cr\u00e9ation de vos moules industriels bonne mati\u00e8re. Des moules en aluminium pour vos injections plastiques.\" \/>\n<meta property=\"og:url\" content=\"https:\/\/www.mdp.team\/en\/job-offers\/\" \/>\n<meta property=\"og:site_name\" content=\"MDP Team\" \/>\n<meta property=\"article:modified_time\" content=\"2023-05-03T07:58:28+00:00\" \/>\n<meta name=\"twitter:card\" content=\"summary_large_image\" \/>\n<script type=\"application\/ld+json\" class=\"yoast-schema-graph\">{\"@context\":\"https:\/\/schema.org\",\"@graph\":[{\"@type\":\"Organization\",\"@id\":\"https:\/\/www.mdp.team\/#organization\",\"name\":\"MDP TEAM\",\"url\":\"https:\/\/www.mdp.team\/\",\"sameAs\":[\"https:\/\/www.linkedin.com\/company\/mdp-team\/\"],\"logo\":{\"@type\":\"ImageObject\",\"@id\":\"https:\/\/www.mdp.team\/#logo\",\"inLanguage\":\"en-US\",\"url\":\"https:\/\/www.mdp.team\/wp-content\/uploads\/2020\/10\/logo_MDP_Team.png\",\"contentUrl\":\"https:\/\/www.mdp.team\/wp-content\/uploads\/2020\/10\/logo_MDP_Team.png\",\"width\":898,\"height\":249,\"caption\":\"MDP TEAM\"},\"image\":{\"@id\":\"https:\/\/www.mdp.team\/#logo\"}},{\"@type\":\"WebSite\",\"@id\":\"https:\/\/www.mdp.team\/#website\",\"url\":\"https:\/\/www.mdp.team\/\",\"name\":\"MDP Team\",\"description\":\"Groupe MDP Team\",\"publisher\":{\"@id\":\"https:\/\/www.mdp.team\/#organization\"},\"potentialAction\":[{\"@type\":\"SearchAction\",\"target\":{\"@type\":\"EntryPoint\",\"urlTemplate\":\"https:\/\/www.mdp.team\/?s={search_term_string}\"},\"query-input\":\"required name=search_term_string\"}],\"inLanguage\":\"en-US\"},{\"@type\":\"WebPage\",\"@id\":\"https:\/\/www.mdp.team\/en\/job-offers\/#webpage\",\"url\":\"https:\/\/www.mdp.team\/en\/job-offers\/\",\"name\":\"Job offers - MDP Team\",\"isPartOf\":{\"@id\":\"https:\/\/www.mdp.team\/#website\"},\"datePublished\":\"2022-02-28T21:02:18+00:00\",\"dateModified\":\"2023-05-03T07:58:28+00:00\",\"description\":\"Job offers : Votre sp\\u00e9cialiste pour la cr\\u00e9ation de vos moules industriels bonne mati\\u00e8re. Des moules en aluminium pour vos injections plastiques.\",\"breadcrumb\":{\"@id\":\"https:\/\/www.mdp.team\/en\/job-offers\/#breadcrumb\"},\"inLanguage\":\"en-US\",\"potentialAction\":[{\"@type\":\"ReadAction\",\"target\":[\"https:\/\/www.mdp.team\/en\/job-offers\/\"]}]},{\"@type\":\"BreadcrumbList\",\"@id\":\"https:\/\/www.mdp.team\/en\/job-offers\/#breadcrumb\",\"itemListElement\":[{\"@type\":\"ListItem\",\"position\":1,\"name\":\"Accueil\",\"item\":\"https:\/\/www.mdp.team\/\"},{\"@type\":\"ListItem\",\"position\":2,\"name\":\"Job offers\"}]}]}<\/script>\n<!-- \/ Yoast SEO plugin. -->","_links":{"self":[{"href":"https:\/\/www.mdp.team\/en\/wp-json\/wp\/v2\/pages\/13989"}],"collection":[{"href":"https:\/\/www.mdp.team\/en\/wp-json\/wp\/v2\/pages"}],"about":[{"href":"https:\/\/www.mdp.team\/en\/wp-json\/wp\/v2\/types\/page"}],"author":[{"embeddable":true,"href":"https:\/\/www.mdp.team\/en\/wp-json\/wp\/v2\/users\/9"}],"replies":[{"embeddable":true,"href":"https:\/\/www.mdp.team\/en\/wp-json\/wp\/v2\/comments?post=13989"}],"version-history":[{"count":5,"href":"https:\/\/www.mdp.team\/en\/wp-json\/wp\/v2\/pages\/13989\/revisions"}],"predecessor-version":[{"id":13994,"href":"https:\/\/www.mdp.team\/en\/wp-json\/wp\/v2\/pages\/13989\/revisions\/13994"}],"wp:attachment":[{"href":"https:\/\/www.mdp.team\/en\/wp-json\/wp\/v2\/media?parent=13989"}],"curies":[{"name":"wp","href":"https:\/\/api.w.org\/{rel}","templated":true}]}}